{"id":1572,"date":"2022-03-10T20:50:49","date_gmt":"2022-03-10T20:50:49","guid":{"rendered":"https:\/\/www.mexhaus.com\/Mayoreo\/?post_type=product&#038;p=1572"},"modified":"2024-01-08T16:59:59","modified_gmt":"2024-01-08T16:59:59","slug":"chilito-sirilo-stevia","status":"publish","type":"product","link":"https:\/\/www.mexhaus.com\/Mayoreo\/producto\/chilito-sirilo-stevia\/","title":{"rendered":"Chilito Sirilo Stevia"},"content":{"rendered":"","protected":false},"excerpt":{"rendered":"<ul class=\"a-unordered-list a-vertical a-spacing-mini\">\n<li><span class=\"a-list-item\">Mezcla selecta de chiles endulzado con Stevia pura 100%<\/span><\/li>\n<li><span class=\"a-list-item\">De consistencia y sabor tipo chamoy pero sin base jamaica, ni tamarindo<\/span><\/li>\n<li><span class=\"a-list-item\">Deliciosa fusi\u00f3n, salado y picosito<\/span><\/li>\n<\/ul>\n<p><strong>Ingredientes<\/strong>:\u00a0 Agua, mezcla de chiles secos molidos, Stevia pura 100%,\u00a0lim\u00f3n deshidratado y \u00e1cido c\u00edtrico, sal de mar, goma de xantana.<\/p>\n<p><strong>Caducidad<\/strong>: 24 meses<\/p>\n","protected":false},"featured_media":1574,"comment_status":"open","ping_status":"closed","template":"","meta":{"_et_pb_use_builder":"","_et_pb_old_content":"","_et_gb_content_width":"","_joinchat":[]},"product_brand":[],"product_cat":[128],"product_tag":[],"class_list":{"0":"post-1572","1":"product","2":"type-product","3":"status-publish","4":"has-post-thumbnail","6":"product_cat-chamoy","8":"first","9":"instock","10":"shipping-taxable","11":"purchasable","12":"product-type-simple"},"yoast_head":"<!-- This site is optimized with the Yoast SEO plugin v26.4 - https:\/\/yoast.com\/wordpress\/plugins\/seo\/ -->\n<title>Chilito Sirilo Stevia - Mexhaus<\/title>\n<meta name=\"description\" content=\"Todos nuestros productos son escogidos por nuestro equipo buscando siempre lo mejor que nos da la madre tierra.\" \/>\n<meta name=\"robots\" content=\"index, follow, max-snippet:-1, max-image-preview:large, max-video-preview:-1\" \/>\n<link rel=\"canonical\" href=\"https:\/\/www.mexhaus.com\/Mayoreo\/producto\/chilito-sirilo-stevia\/\" \/>\n<meta property=\"og:locale\" content=\"es_ES\" \/>\n<meta property=\"og:type\" content=\"article\" \/>\n<meta property=\"og:title\" content=\"Chilito Sirilo Stevia - Mexhaus\" \/>\n<meta property=\"og:description\" content=\"Todos nuestros productos son escogidos por nuestro equipo buscando siempre lo mejor que nos da la madre tierra.\" \/>\n<meta property=\"og:url\" content=\"https:\/\/www.mexhaus.com\/Mayoreo\/producto\/chilito-sirilo-stevia\/\" \/>\n<meta property=\"og:site_name\" content=\"Mexhaus\" \/>\n<meta property=\"article:modified_time\" content=\"2024-01-08T16:59:59+00:00\" \/>\n<meta property=\"og:image\" content=\"https:\/\/www.mexhaus.com\/Mayoreo\/wp-content\/uploads\/2022\/03\/Diseno-sin-titulo-4.png\" \/>\n\t<meta property=\"og:image:width\" content=\"1080\" \/>\n\t<meta property=\"og:image:height\" content=\"1080\" \/>\n\t<meta property=\"og:image:type\" content=\"image\/png\" \/>\n<meta name=\"twitter:card\" content=\"summary_large_image\" \/>\n<meta name=\"twitter:label1\" content=\"Tiempo de lectura\" \/>\n\t<meta name=\"twitter:data1\" content=\"1 minuto\" \/>\n<script type=\"application\/ld+json\" class=\"yoast-schema-graph\">{\"@context\":\"https:\/\/schema.org\",\"@graph\":[{\"@type\":\"WebPage\",\"@id\":\"https:\/\/www.mexhaus.com\/Mayoreo\/producto\/chilito-sirilo-stevia\/\",\"url\":\"https:\/\/www.mexhaus.com\/Mayoreo\/producto\/chilito-sirilo-stevia\/\",\"name\":\"Chilito Sirilo Stevia - Mexhaus\",\"isPartOf\":{\"@id\":\"https:\/\/www.mexhaus.com\/Mayoreo\/#website\"},\"primaryImageOfPage\":{\"@id\":\"https:\/\/www.mexhaus.com\/Mayoreo\/producto\/chilito-sirilo-stevia\/#primaryimage\"},\"image\":{\"@id\":\"https:\/\/www.mexhaus.com\/Mayoreo\/producto\/chilito-sirilo-stevia\/#primaryimage\"},\"thumbnailUrl\":\"https:\/\/www.mexhaus.com\/Mayoreo\/wp-content\/uploads\/2022\/03\/Diseno-sin-titulo-4.png\",\"datePublished\":\"2022-03-10T20:50:49+00:00\",\"dateModified\":\"2024-01-08T16:59:59+00:00\",\"description\":\"Todos nuestros productos son escogidos por nuestro equipo buscando siempre lo mejor que nos da la madre tierra.\",\"breadcrumb\":{\"@id\":\"https:\/\/www.mexhaus.com\/Mayoreo\/producto\/chilito-sirilo-stevia\/#breadcrumb\"},\"inLanguage\":\"es\",\"potentialAction\":[{\"@type\":\"ReadAction\",\"target\":[\"https:\/\/www.mexhaus.com\/Mayoreo\/producto\/chilito-sirilo-stevia\/\"]}]},{\"@type\":\"ImageObject\",\"inLanguage\":\"es\",\"@id\":\"https:\/\/www.mexhaus.com\/Mayoreo\/producto\/chilito-sirilo-stevia\/#primaryimage\",\"url\":\"https:\/\/www.mexhaus.com\/Mayoreo\/wp-content\/uploads\/2022\/03\/Diseno-sin-titulo-4.png\",\"contentUrl\":\"https:\/\/www.mexhaus.com\/Mayoreo\/wp-content\/uploads\/2022\/03\/Diseno-sin-titulo-4.png\",\"width\":1080,\"height\":1080},{\"@type\":\"BreadcrumbList\",\"@id\":\"https:\/\/www.mexhaus.com\/Mayoreo\/producto\/chilito-sirilo-stevia\/#breadcrumb\",\"itemListElement\":[{\"@type\":\"ListItem\",\"position\":1,\"name\":\"Portada\",\"item\":\"https:\/\/www.mexhaus.com\/Mayoreo\/\"},{\"@type\":\"ListItem\",\"position\":2,\"name\":\"Tienda Mexhaus\",\"item\":\"https:\/\/www.mexhaus.com\/Mayoreo\/tienda\/\"},{\"@type\":\"ListItem\",\"position\":3,\"name\":\"Chilito Sirilo Stevia\"}]},{\"@type\":\"WebSite\",\"@id\":\"https:\/\/www.mexhaus.com\/Mayoreo\/#website\",\"url\":\"https:\/\/www.mexhaus.com\/Mayoreo\/\",\"name\":\"Mexhaus\",\"description\":\"&iexcl;Los snacks son sagrados!\",\"publisher\":{\"@id\":\"https:\/\/www.mexhaus.com\/Mayoreo\/#organization\"},\"potentialAction\":[{\"@type\":\"SearchAction\",\"target\":{\"@type\":\"EntryPoint\",\"urlTemplate\":\"https:\/\/www.mexhaus.com\/Mayoreo\/?s={search_term_string}\"},\"query-input\":{\"@type\":\"PropertyValueSpecification\",\"valueRequired\":true,\"valueName\":\"search_term_string\"}}],\"inLanguage\":\"es\"},{\"@type\":\"Organization\",\"@id\":\"https:\/\/www.mexhaus.com\/Mayoreo\/#organization\",\"name\":\"Mexhaus\",\"url\":\"https:\/\/www.mexhaus.com\/Mayoreo\/\",\"logo\":{\"@type\":\"ImageObject\",\"inLanguage\":\"es\",\"@id\":\"https:\/\/www.mexhaus.com\/Mayoreo\/#\/schema\/logo\/image\/\",\"url\":\"http:\/\/www.mexhaus.com\/Mayoreo\/wp-content\/uploads\/2021\/01\/Logo-mexhaus.png\",\"contentUrl\":\"http:\/\/www.mexhaus.com\/Mayoreo\/wp-content\/uploads\/2021\/01\/Logo-mexhaus.png\",\"width\":925,\"height\":397,\"caption\":\"Mexhaus\"},\"image\":{\"@id\":\"https:\/\/www.mexhaus.com\/Mayoreo\/#\/schema\/logo\/image\/\"}}]}<\/script>\n<!-- \/ Yoast SEO plugin. -->","yoast_head_json":{"title":"Chilito Sirilo Stevia - Mexhaus","description":"Todos nuestros productos son escogidos por nuestro equipo buscando siempre lo mejor que nos da la madre tierra.","robots":{"index":"index","follow":"follow","max-snippet":"max-snippet:-1","max-image-preview":"max-image-preview:large","max-video-preview":"max-video-preview:-1"},"canonical":"https:\/\/www.mexhaus.com\/Mayoreo\/producto\/chilito-sirilo-stevia\/","og_locale":"es_ES","og_type":"article","og_title":"Chilito Sirilo Stevia - Mexhaus","og_description":"Todos nuestros productos son escogidos por nuestro equipo buscando siempre lo mejor que nos da la madre tierra.","og_url":"https:\/\/www.mexhaus.com\/Mayoreo\/producto\/chilito-sirilo-stevia\/","og_site_name":"Mexhaus","article_modified_time":"2024-01-08T16:59:59+00:00","og_image":[{"width":1080,"height":1080,"url":"https:\/\/www.mexhaus.com\/Mayoreo\/wp-content\/uploads\/2022\/03\/Diseno-sin-titulo-4.png","type":"image\/png"}],"twitter_card":"summary_large_image","twitter_misc":{"Tiempo de lectura":"1 minuto"},"schema":{"@context":"https:\/\/schema.org","@graph":[{"@type":"WebPage","@id":"https:\/\/www.mexhaus.com\/Mayoreo\/producto\/chilito-sirilo-stevia\/","url":"https:\/\/www.mexhaus.com\/Mayoreo\/producto\/chilito-sirilo-stevia\/","name":"Chilito Sirilo Stevia - Mexhaus","isPartOf":{"@id":"https:\/\/www.mexhaus.com\/Mayoreo\/#website"},"primaryImageOfPage":{"@id":"https:\/\/www.mexhaus.com\/Mayoreo\/producto\/chilito-sirilo-stevia\/#primaryimage"},"image":{"@id":"https:\/\/www.mexhaus.com\/Mayoreo\/producto\/chilito-sirilo-stevia\/#primaryimage"},"thumbnailUrl":"https:\/\/www.mexhaus.com\/Mayoreo\/wp-content\/uploads\/2022\/03\/Diseno-sin-titulo-4.png","datePublished":"2022-03-10T20:50:49+00:00","dateModified":"2024-01-08T16:59:59+00:00","description":"Todos nuestros productos son escogidos por nuestro equipo buscando siempre lo mejor que nos da la madre tierra.","breadcrumb":{"@id":"https:\/\/www.mexhaus.com\/Mayoreo\/producto\/chilito-sirilo-stevia\/#breadcrumb"},"inLanguage":"es","potentialAction":[{"@type":"ReadAction","target":["https:\/\/www.mexhaus.com\/Mayoreo\/producto\/chilito-sirilo-stevia\/"]}]},{"@type":"ImageObject","inLanguage":"es","@id":"https:\/\/www.mexhaus.com\/Mayoreo\/producto\/chilito-sirilo-stevia\/#primaryimage","url":"https:\/\/www.mexhaus.com\/Mayoreo\/wp-content\/uploads\/2022\/03\/Diseno-sin-titulo-4.png","contentUrl":"https:\/\/www.mexhaus.com\/Mayoreo\/wp-content\/uploads\/2022\/03\/Diseno-sin-titulo-4.png","width":1080,"height":1080},{"@type":"BreadcrumbList","@id":"https:\/\/www.mexhaus.com\/Mayoreo\/producto\/chilito-sirilo-stevia\/#breadcrumb","itemListElement":[{"@type":"ListItem","position":1,"name":"Portada","item":"https:\/\/www.mexhaus.com\/Mayoreo\/"},{"@type":"ListItem","position":2,"name":"Tienda Mexhaus","item":"https:\/\/www.mexhaus.com\/Mayoreo\/tienda\/"},{"@type":"ListItem","position":3,"name":"Chilito Sirilo Stevia"}]},{"@type":"WebSite","@id":"https:\/\/www.mexhaus.com\/Mayoreo\/#website","url":"https:\/\/www.mexhaus.com\/Mayoreo\/","name":"Mexhaus","description":"&iexcl;Los snacks son sagrados!","publisher":{"@id":"https:\/\/www.mexhaus.com\/Mayoreo\/#organization"},"potentialAction":[{"@type":"SearchAction","target":{"@type":"EntryPoint","urlTemplate":"https:\/\/www.mexhaus.com\/Mayoreo\/?s={search_term_string}"},"query-input":{"@type":"PropertyValueSpecification","valueRequired":true,"valueName":"search_term_string"}}],"inLanguage":"es"},{"@type":"Organization","@id":"https:\/\/www.mexhaus.com\/Mayoreo\/#organization","name":"Mexhaus","url":"https:\/\/www.mexhaus.com\/Mayoreo\/","logo":{"@type":"ImageObject","inLanguage":"es","@id":"https:\/\/www.mexhaus.com\/Mayoreo\/#\/schema\/logo\/image\/","url":"http:\/\/www.mexhaus.com\/Mayoreo\/wp-content\/uploads\/2021\/01\/Logo-mexhaus.png","contentUrl":"http:\/\/www.mexhaus.com\/Mayoreo\/wp-content\/uploads\/2021\/01\/Logo-mexhaus.png","width":925,"height":397,"caption":"Mexhaus"},"image":{"@id":"https:\/\/www.mexhaus.com\/Mayoreo\/#\/schema\/logo\/image\/"}}]}},"tiered_pricing_type":"fixed","tiered_pricing_fixed_rules":[],"tiered_pricing_product_settings":{"layout":"default","base_unit_name":{"singular":null,"plural":null},"default_variation":null},"tiered_pricing_minimum_quantity":null,"tiered_pricing_roles_data":[],"tiered_pricing_percentage_rules":[],"_links":{"self":[{"href":"https:\/\/www.mexhaus.com\/Mayoreo\/wp-json\/wp\/v2\/product\/1572","targetHints":{"allow":["GET"]}}],"collection":[{"href":"https:\/\/www.mexhaus.com\/Mayoreo\/wp-json\/wp\/v2\/product"}],"about":[{"href":"https:\/\/www.mexhaus.com\/Mayoreo\/wp-json\/wp\/v2\/types\/product"}],"replies":[{"embeddable":true,"href":"https:\/\/www.mexhaus.com\/Mayoreo\/wp-json\/wp\/v2\/comments?post=1572"}],"wp:featuredmedia":[{"embeddable":true,"href":"https:\/\/www.mexhaus.com\/Mayoreo\/wp-json\/wp\/v2\/media\/1574"}],"wp:attachment":[{"href":"https:\/\/www.mexhaus.com\/Mayoreo\/wp-json\/wp\/v2\/media?parent=1572"}],"wp:term":[{"taxonomy":"product_brand","embeddable":true,"href":"https:\/\/www.mexhaus.com\/Mayoreo\/wp-json\/wp\/v2\/product_brand?post=1572"},{"taxonomy":"product_cat","embeddable":true,"href":"https:\/\/www.mexhaus.com\/Mayoreo\/wp-json\/wp\/v2\/product_cat?post=1572"},{"taxonomy":"product_tag","embeddable":true,"href":"https:\/\/www.mexhaus.com\/Mayoreo\/wp-json\/wp\/v2\/product_tag?post=1572"}],"curies":[{"name":"wp","href":"https:\/\/api.w.org\/{rel}","templated":true}]}}